{"id":3929,"date":"2018-02-13T12:08:29","date_gmt":"2018-02-13T10:08:29","guid":{"rendered":"http:\/\/ccirj.ro\/?page_id=3929"},"modified":"2022-09-28T13:05:04","modified_gmt":"2022-09-28T10:05:04","slug":"rezervatia-gorjului","status":"publish","type":"page","link":"https:\/\/ccirj.ro\/gb\/rezervatia-gorjului\/","title":{"rendered":"Rezervatia Gorjului"},"content":{"rendered":"<p>[vc_row][vc_column][vc_column_text]Anunturi:<\/p>\n<p>28.09.2022<\/p>\n<p>Anunt public pentru decizia de incadrare pentru proiectul &#8220;Implementarea de masuri active de conservare pe teritoriul sitului Natura 2000 ROSCI 0129 Nordul Gorjului de Vest, care vizeaza reconstructia ecologica a habitatelor 4070 Tufarisuri cu Pinu&#8221;<\/p>\n<p style=\"text-align: center;\"><a href=\"http:\/\/ccirj.ro\/wp-content\/uploads\/2022\/09\/ANUNT-CCIRJ-POIM.pdf\">ANUNT CCIRJ POIM<\/a><\/p>\n<div><\/div>\n<div class=\"tf_module_wrapper tf_module_block tf_module_page-title tf_module_block_555fbefa83c89 yellow-box\">Proiect Pocu:<\/div>\n<div>\n<blockquote>\n<div dir=\"ltr\">\n<div class=\"gmail_quote\">\n<div lang=\"EN-US\">\n<div class=\"m_7876106592047319141m_-3565487070433318566WordSection1\">\n<ol start=\"1\" type=\"1\">\n<li class=\"m_7876106592047319141m_-3565487070433318566MsoListParagraph\" style=\"text-align: center;\">Mesaj de call to action c\u0103tre webinarul de miercuri, 26.09.2018, ora 9:30-11, \u00een care cei care vor s\u0103 participe trebuie s\u0103 dea\u00a0<b>click pe linkul de mai jos<\/b>\u00a0\u00een ziua \u0219i la ora webinarului:<br \/>\n<a href=\"https:\/\/join.me\/diananecoara\">https:\/\/join.me\/diananecoara<\/a><\/li>\n<li style=\"text-align: center;\">Acesta este linkul c\u0103tre un video care explic\u0103 pa\u0219ii prin care participan\u021bii se pot \u00eenscrie \u00een platform\u0103:<br \/>\n<a href=\"https:\/\/www.youtube.com\/watch?v=hxZ2_b-TsCs&amp;feature=youtu.be\">https:\/\/www.youtube.com\/watch?v=hxZ2_b-TsCs&amp;feature=youtu.be<\/a><\/li>\n<li style=\"text-align: center;\">Linkul c\u0103tre metodologie:<br \/>\n<a href=\"https:\/\/ingenius-hub.eu\/finantari\/finantari-zona-sud-vest\/#1527088695912-53d7c794-64e5\">https:\/\/ingenius-hub.eu\/finantari\/finantari-zona-sud-vest\/#1527088695912-53d7c794-64e5<\/a><\/li>\n<li style=\"text-align: center;\">Linkul c\u0103tre platform\u0103:<br \/>\n<blockquote>\n<div>\n<div dir=\"ltr\">\n<div class=\"gmail_quote\">\n<div lang=\"EN-US\">\n<div class=\"m_7876106592047319141m_-3565487070433318566WordSection1\">\n<p class=\"m_7876106592047319141m_-3565487070433318566MsoListParagraph\"><a href=\"http:\/\/sudvest.ingenius-startup.ro\/\" target=\"_blank\" rel=\"noopener\" data-saferedirecturl=\"https:\/\/www.google.com\/url?q=http:\/\/sudvest.ingenius-startup.ro&amp;source=gmail&amp;ust=1537952731178000&amp;usg=AFQjCNHzNxIuFV2-6yS1c3IBhkSx-KHdeg\">sudvest.ingenius-startup.ro<\/a><\/p>\n<\/div>\n<\/div>\n<\/div>\n<\/div>\n<\/div>\n<\/blockquote>\n<blockquote>\n<div>\n<div dir=\"ltr\">\n<div class=\"gmail_quote\">\n<div lang=\"EN-US\">\n<div class=\"m_7876106592047319141m_-3565487070433318566WordSection1\"><\/div>\n<\/div>\n<\/div>\n<\/div>\n<\/div>\n<\/blockquote>\n<\/li>\n<li style=\"text-align: center;\">Mailul pe care ne pot scrie participan\u021bii:<br \/>\n<blockquote>\n<div>\n<div dir=\"ltr\">\n<div class=\"gmail_quote\">\n<div lang=\"EN-US\">\n<div class=\"m_7876106592047319141m_-3565487070433318566WordSection1\">\n<p class=\"m_7876106592047319141m_-3565487070433318566MsoListParagraph\"><a href=\"mailto:comunicare@loopoperations.ro\" target=\"_blank\" rel=\"noopener\">comunicare@loopoperations.ro<\/a><\/p>\n<\/div>\n<\/div>\n<\/div>\n<\/div>\n<\/div>\n<\/blockquote>\n<\/li>\n<li style=\"text-align: center;\">Contactul persoanei care ne-a ajutat s\u0103 facem site-ul:<br \/>\n<blockquote>\n<div>\n<div dir=\"ltr\">\n<div class=\"gmail_quote\">\n<div lang=\"EN-US\">\n<div class=\"m_7876106592047319141m_-3565487070433318566WordSection1\"><\/div>\n<\/div>\n<\/div>\n<\/div>\n<\/div>\n<\/blockquote>\n<p>Ciprian Dr\u0103goi &#8211; 0726.253.417<\/li>\n<li style=\"text-align: center;\">Linkul c\u0103tre pagina de proiect:<a href=\"https:\/\/ingenius-hub.eu\/finantari\/finantari-zona-sud-vest\/\">https:\/\/ingenius-hub.eu\/finantari\/finantari-zona-sud-vest\/<\/a><br \/>\n<blockquote>\n<div>\n<div dir=\"ltr\">\n<div class=\"gmail_quote\">\n<div lang=\"EN-US\">\n<div class=\"m_7876106592047319141m_-3565487070433318566WordSection1\"><\/div>\n<\/div>\n<\/div>\n<\/div>\n<\/div>\n<\/blockquote>\n<\/li>\n<\/ol>\n<\/div>\n<\/div>\n<\/div>\n<\/div>\n<\/blockquote>\n<\/div>\n<p><a href=\"http:\/\/ccirj.ro\/wp-content\/uploads\/2018\/02\/anunt-de-intentie.pdf\">anunt de intentie+ caiet de sarcini rulote<\/a><\/p>\n<p><a href=\"http:\/\/ccirj.ro\/wp-content\/uploads\/2018\/02\/anunt-de-intentie-caiet-de-sarcini-planificarea-amenajarea-a-doua-drumuri-turistice-aferente-habitatelor-4070-si-9260.pdf\">anunt de intentie +caiet de sarcini planificarea (amenajarea a doua drumuri turistice) aferente habitatelor 4070 si 9260<\/a><\/p>\n<p><a href=\"http:\/\/ccirj.ro\/wp-content\/uploads\/2018\/05\/Proiect.doc\"><br \/>\n<img loading=\"lazy\" decoding=\"async\" class=\"aligncenter wp-image-3939 size-medium\" src=\"http:\/\/ccirj.ro\/wp-content\/uploads\/2018\/05\/poim-300x102.jpg\" alt=\"\" width=\"300\" height=\"102\" srcset=\"https:\/\/ccirj.ro\/wp-content\/uploads\/2018\/05\/poim-300x102.jpg 300w, https:\/\/ccirj.ro\/wp-content\/uploads\/2018\/05\/poim-768x261.jpg 768w, https:\/\/ccirj.ro\/wp-content\/uploads\/2018\/05\/poim.jpg 965w\" sizes=\"auto, (max-width: 300px) 100vw, 300px\" \/><\/a><\/p>\n<p><a href=\"http:\/\/ccirj.ro\/wp-content\/uploads\/2018\/12\/anunt17122018.pdf\">anunt de intentie 17.12.2018<\/a>[\/vc_column_text][\/vc_column][\/vc_row][vc_row][vc_column][vc_column_text]Mai multe informatii pe\u00a0<a href=\"http:\/\/www.rezervatiagorjului.ro\/\">www.rezervatiagorjului.ro<\/a>[\/vc_column_text][\/vc_column][\/vc_row]<\/p>\n","protected":false},"excerpt":{"rendered":"<p>[vc_row][vc_column][vc_column_text]Anunturi: 28.09.2022 Anunt public pentru decizia de incadrare pentru proiectul &#8220;Implementarea de masuri active de conservare pe teritoriul sitului Natura 2000 ROSCI 0129 Nordul Gorjului de Vest, care vizeaza reconstructia ecologica a habitatelor 4070 Tufarisuri cu Pinu&#8221; ANUNT CCIRJ POIM Proiect Pocu: Mesaj de call to action c\u0103tre webinarul de miercuri, 26.09.2018, ora 9:30-11, \u00een [&hellip;]<\/p>\n","protected":false},"author":2,"featured_media":0,"parent":0,"menu_order":0,"comment_status":"closed","ping_status":"closed","template":"","meta":{"zakra_sidebar_layout":"customizer","zakra_remove_content_margin":false,"zakra_sidebar":"customizer","zakra_transparent_header":"customizer","zakra_logo":0,"zakra_main_header_style":"default","zakra_menu_item_color":"","zakra_menu_item_hover_color":"","zakra_menu_item_active_color":"","zakra_menu_active_style":"","zakra_page_header":true,"jetpack_post_was_ever_published":false,"footnotes":""},"class_list":["post-3929","page","type-page","status-publish","hentry"],"translation":{"provider":"WPGlobus","version":"3.0.0","language":"gb","enabled_languages":["ro","gb"],"languages":{"ro":{"title":true,"content":true,"excerpt":false},"gb":{"title":false,"content":false,"excerpt":false}}},"jetpack_sharing_enabled":true,"jetpack_shortlink":"https:\/\/wp.me\/P8eaiH-11n","_links":{"self":[{"href":"https:\/\/ccirj.ro\/gb\/wp-json\/wp\/v2\/pages\/3929","targetHints":{"allow":["GET"]}}],"collection":[{"href":"https:\/\/ccirj.ro\/gb\/wp-json\/wp\/v2\/pages"}],"about":[{"href":"https:\/\/ccirj.ro\/gb\/wp-json\/wp\/v2\/types\/page"}],"author":[{"embeddable":true,"href":"https:\/\/ccirj.ro\/gb\/wp-json\/wp\/v2\/users\/2"}],"replies":[{"embeddable":true,"href":"https:\/\/ccirj.ro\/gb\/wp-json\/wp\/v2\/comments?post=3929"}],"version-history":[{"count":6,"href":"https:\/\/ccirj.ro\/gb\/wp-json\/wp\/v2\/pages\/3929\/revisions"}],"predecessor-version":[{"id":3981,"href":"https:\/\/ccirj.ro\/gb\/wp-json\/wp\/v2\/pages\/3929\/revisions\/3981"}],"wp:attachment":[{"href":"https:\/\/ccirj.ro\/gb\/wp-json\/wp\/v2\/media?parent=3929"}],"curies":[{"name":"wp","href":"https:\/\/api.w.org\/{rel}","templated":true}]}}